{"id":3578,"date":"2020-03-12T13:22:03","date_gmt":"2020-03-12T12:22:03","guid":{"rendered":"https:\/\/www.madrog.pl\/machines-dentretien-routier\/"},"modified":"2025-10-21T11:46:38","modified_gmt":"2025-10-21T09:46:38","slug":"machines-de-renovation-routiere","status":"publish","type":"page","link":"https:\/\/www.madrog.pl\/fr\/machines-de-renovation-routiere\/","title":{"rendered":"Machines d\u2019entretien routier"},"content":{"rendered":"<p><\/p><div class=\"fusion-fullwidth fullwidth-box fusion-builder-row-1 fusion-flex-container has-pattern-background has-mask-background nonhundred-percent-fullwidth non-hundred-percent-height-scrolling\" style=\"--awb-border-radius-top-left:0px;--awb-border-radius-top-right:0px;--awb-border-radius-bottom-right:0px;--awb-border-radius-bottom-left:0px;--awb-margin-top:-100px;--awb-margin-top-medium:-50px;--awb-margin-top-small:0px;--awb-flex-wrap:wrap;\"><div class=\"fusion-builder-row fusion-row fusion-flex-align-items-flex-start fusion-flex-content-wrap\" style=\"max-width:1404px;margin-left: calc(-4% \/ 2 );margin-right: calc(-4% \/ 2 );\"><div class=\"fusion-layout-column fusion_builder_column fusion-builder-column-0 fusion_builder_column_1_1 1_1 fusion-flex-column\" style=\"--awb-bg-size:cover;--awb-width-large:100%;--awb-margin-top-large:0px;--awb-spacing-right-large:200px;--awb-margin-bottom-large:20px;--awb-spacing-left-large:1.92%;--awb-width-medium:100%;--awb-order-medium:0;--awb-spacing-right-medium:1.92%;--awb-spacing-left-medium:1.92%;--awb-width-small:100%;--awb-order-small:0;--awb-spacing-right-small:1.92%;--awb-spacing-left-small:1.92%;\" data-scroll-devices=\"small-visibility,medium-visibility,large-visibility\"><div class=\"fusion-column-wrapper fusion-column-has-shadow fusion-flex-justify-content-flex-start fusion-content-layout-column\"><div class=\"fusion-text fusion-text-1\"><p>Au cours des douze derni\u00e8res ann\u00e9es, nous avons acquis une vaste exp\u00e9rience que nous avons utilis\u00e9e pour construire la prochaine g\u00e9n\u00e9ration de nos machines. Gr\u00e2ce \u00e0&nbsp;des solutions uniques, ils travaillent avec succ\u00e8s dans des conditions climatiques extr\u00e8mement diff\u00e9rentes, des zones chaudes de l\u2019Afrique du Nord aux r\u00e9gions froides et d\u00e9savantageuses d\u2019Asie du Nord.<\/p>\n<\/div><\/div><\/div><\/div><\/div><div class=\"fusion-fullwidth fullwidth-box fusion-builder-row-2 fusion-flex-container has-pattern-background has-mask-background nonhundred-percent-fullwidth non-hundred-percent-height-scrolling\" style=\"--awb-border-radius-top-left:0px;--awb-border-radius-top-right:0px;--awb-border-radius-bottom-right:0px;--awb-border-radius-bottom-left:0px;--awb-margin-bottom:4%;--awb-background-color:var(--awb-color8);--awb-flex-wrap:wrap;\"><div class=\"fusion-builder-row fusion-row fusion-flex-align-items-stretch fusion-flex-content-wrap\" style=\"max-width:calc( 1350px + 0px );margin-left: calc(-0px \/ 2 );margin-right: calc(-0px \/ 2 );\"><div class=\"fusion-layout-column fusion_builder_column fusion-builder-column-1 fusion_builder_column_1_2 1_2 fusion-flex-column\" style=\"--awb-bg-size:cover;--awb-width-large:50%;--awb-margin-top-large:1px;--awb-spacing-right-large:1px;--awb-margin-bottom-large:1px;--awb-spacing-left-large:1px;--awb-width-medium:100%;--awb-order-medium:0;--awb-spacing-right-medium:0px;--awb-spacing-left-medium:0px;--awb-width-small:100%;--awb-order-small:0;--awb-spacing-right-small:0px;--awb-spacing-left-small:0px;\" data-scroll-devices=\"small-visibility,medium-visibility,large-visibility\"><div class=\"fusion-column-wrapper fusion-column-has-shadow fusion-flex-justify-content-flex-start fusion-content-layout-column\"><div class=\"fusion-image-element \" style=\"--awb-caption-title-color:var(--awb-custom_color_1);--awb-caption-text-color:var(--awb-color2);--awb-caption-text-size:14px;--awb-caption-text-transform:uppercase;--awb-caption-text-letter-spacing:1px;--awb-caption-overlay-color:var(--awb-color8);--awb-caption-title-font-family:var(--h2_typography-font-family);--awb-caption-title-font-weight:var(--h2_typography-font-weight);--awb-caption-title-font-style:var(--h2_typography-font-style);--awb-caption-title-size:28px;--awb-caption-title-transform:var(--h2_typography-text-transform);--awb-caption-title-line-height:var(--h2_typography-line-height);--awb-caption-title-letter-spacing:var(--h2_typography-letter-spacing);\"><span class=\" fusion-imageframe imageframe-none imageframe-1 awb-imageframe-style awb-imageframe-style-navin\"><a class=\"fusion-no-lightbox\" href=\"\/fr\/machines-de-renovation-routiere\/pulverisateur\" target=\"_self\" aria-label=\"Traitement de surface\"><img decoding=\"async\" width=\"1743\" height=\"1200\" src=\"data:image\/svg+xml,%3Csvg%20xmlns%3D%27http%3A%2F%2Fwww.w3.org%2F2000%2Fsvg%27%20width%3D%271743%27%20height%3D%271200%27%20viewBox%3D%270%200%201743%201200%27%3E%3Crect%20width%3D%271743%27%20height%3D%271200%27%20fill-opacity%3D%220%22%2F%3E%3C%2Fsvg%3E\" data-orig-src=\"https:\/\/www.madrog.pl\/wp-content\/uploads\/2025\/07\/03_skrapiarka4.jpg\" alt class=\"lazyload img-responsive wp-image-3571\"><div class=\"awb-imageframe-caption-container\"><div class=\"awb-imageframe-caption\"><h2 class=\"awb-imageframe-caption-title\">SMB<\/h2><p class=\"awb-imageframe-caption-text\">Pulv\u00e9risateur<\/p><\/div><\/div><\/a><\/span><\/div><\/div><\/div><div class=\"fusion-layout-column fusion_builder_column fusion-builder-column-2 fusion_builder_column_1_2 1_2 fusion-flex-column\" style=\"--awb-bg-size:cover;--awb-width-large:50%;--awb-margin-top-large:1px;--awb-spacing-right-large:1px;--awb-margin-bottom-large:1px;--awb-spacing-left-large:1px;--awb-width-medium:100%;--awb-order-medium:0;--awb-spacing-right-medium:0px;--awb-spacing-left-medium:0px;--awb-width-small:100%;--awb-order-small:0;--awb-spacing-right-small:0px;--awb-spacing-left-small:0px;\" data-scroll-devices=\"small-visibility,medium-visibility,large-visibility\"><div class=\"fusion-column-wrapper fusion-column-has-shadow fusion-flex-justify-content-flex-start fusion-content-layout-column\"><div class=\"fusion-image-element \" style=\"--awb-caption-title-color:var(--awb-custom_color_1);--awb-caption-text-color:var(--awb-color2);--awb-caption-text-size:14px;--awb-caption-text-transform:uppercase;--awb-caption-text-letter-spacing:1px;--awb-caption-overlay-color:var(--awb-color8);--awb-caption-title-font-family:var(--h2_typography-font-family);--awb-caption-title-font-weight:var(--h2_typography-font-weight);--awb-caption-title-font-style:var(--h2_typography-font-style);--awb-caption-title-size:28px;--awb-caption-title-transform:var(--h2_typography-text-transform);--awb-caption-title-line-height:var(--h2_typography-line-height);--awb-caption-title-letter-spacing:var(--h2_typography-letter-spacing);\"><span class=\" fusion-imageframe imageframe-none imageframe-2 awb-imageframe-style awb-imageframe-style-navin\"><a class=\"fusion-no-lightbox\" href=\"\/fr\/machines-de-renovation-routiere\/renovation-des-surfaces-asphaltees\" target=\"_self\" aria-label=\"R\u00e9novation des surfaces asphalt\u00e9es\"><img decoding=\"async\" width=\"1743\" height=\"1200\" src=\"data:image\/svg+xml,%3Csvg%20xmlns%3D%27http%3A%2F%2Fwww.w3.org%2F2000%2Fsvg%27%20width%3D%271743%27%20height%3D%271200%27%20viewBox%3D%270%200%201743%201200%27%3E%3Crect%20width%3D%271743%27%20height%3D%271200%27%20fill-opacity%3D%220%22%2F%3E%3C%2Fsvg%3E\" data-orig-src=\"https:\/\/www.madrog.pl\/wp-content\/uploads\/2025\/07\/01_madpacher2.jpg\" alt class=\"lazyload img-responsive wp-image-3572\"><div class=\"awb-imageframe-caption-container\"><div class=\"awb-imageframe-caption\"><h2 class=\"awb-imageframe-caption-title\">MADPATCHER<\/h2><p class=\"awb-imageframe-caption-text\">R\u00e9novation des surfaces asphalt\u00e9es<\/p><\/div><\/div><\/a><\/span><\/div><\/div><\/div><div class=\"fusion-layout-column fusion_builder_column fusion-builder-column-3 fusion_builder_column_1_2 1_2 fusion-flex-column\" style=\"--awb-bg-size:cover;--awb-width-large:50%;--awb-margin-top-large:1px;--awb-spacing-right-large:1px;--awb-margin-bottom-large:1px;--awb-spacing-left-large:1px;--awb-width-medium:100%;--awb-order-medium:0;--awb-spacing-right-medium:0px;--awb-spacing-left-medium:0px;--awb-width-small:100%;--awb-order-small:0;--awb-spacing-right-small:0px;--awb-spacing-left-small:0px;\" data-scroll-devices=\"small-visibility,medium-visibility,large-visibility\"><div class=\"fusion-column-wrapper fusion-column-has-shadow fusion-flex-justify-content-flex-start fusion-content-layout-column\"><div class=\"fusion-image-element \" style=\"--awb-caption-title-color:var(--awb-custom_color_1);--awb-caption-text-color:var(--awb-color2);--awb-caption-text-size:14px;--awb-caption-text-transform:uppercase;--awb-caption-text-letter-spacing:1px;--awb-caption-overlay-color:var(--awb-color8);--awb-caption-title-font-family:var(--h2_typography-font-family);--awb-caption-title-font-weight:var(--h2_typography-font-weight);--awb-caption-title-font-style:var(--h2_typography-font-style);--awb-caption-title-size:28px;--awb-caption-title-transform:var(--h2_typography-text-transform);--awb-caption-title-line-height:var(--h2_typography-line-height);--awb-caption-title-letter-spacing:var(--h2_typography-letter-spacing);\"><span class=\" fusion-imageframe imageframe-none imageframe-3 awb-imageframe-style awb-imageframe-style-navin\"><a class=\"fusion-no-lightbox\" href=\"\/fr\/machines-de-renovation-routiere\/traitement-de-surface\/\" target=\"_self\" aria-label=\"Pulv\u00e9risateur\"><img decoding=\"async\" width=\"1743\" height=\"1200\" src=\"data:image\/svg+xml,%3Csvg%20xmlns%3D%27http%3A%2F%2Fwww.w3.org%2F2000%2Fsvg%27%20width%3D%271743%27%20height%3D%271200%27%20viewBox%3D%270%200%201743%201200%27%3E%3Crect%20width%3D%271743%27%20height%3D%271200%27%20fill-opacity%3D%220%22%2F%3E%3C%2Fsvg%3E\" data-orig-src=\"https:\/\/www.madrog.pl\/wp-content\/uploads\/2025\/07\/02_kombajn3.jpg\" alt class=\"lazyload img-responsive wp-image-3573\"><div class=\"awb-imageframe-caption-container\"><div class=\"awb-imageframe-caption\"><h2 class=\"awb-imageframe-caption-title\">KD3D<\/h2><p class=\"awb-imageframe-caption-text\">Traitement de surface<\/p><\/div><\/div><\/a><\/span><\/div><\/div><\/div><div class=\"fusion-layout-column fusion_builder_column fusion-builder-column-4 fusion_builder_column_1_2 1_2 fusion-flex-column\" style=\"--awb-bg-size:cover;--awb-width-large:50%;--awb-margin-top-large:1px;--awb-spacing-right-large:1px;--awb-margin-bottom-large:1px;--awb-spacing-left-large:1px;--awb-width-medium:100%;--awb-order-medium:0;--awb-spacing-right-medium:0px;--awb-spacing-left-medium:0px;--awb-width-small:100%;--awb-order-small:0;--awb-spacing-right-small:0px;--awb-spacing-left-small:0px;\" data-scroll-devices=\"small-visibility,medium-visibility,large-visibility\"><div class=\"fusion-column-wrapper fusion-column-has-shadow fusion-flex-justify-content-flex-start fusion-content-layout-column\"><div class=\"fusion-image-element \" style=\"--awb-caption-title-color:var(--awb-custom_color_1);--awb-caption-text-color:var(--awb-color2);--awb-caption-text-size:14px;--awb-caption-text-transform:uppercase;--awb-caption-text-letter-spacing:1px;--awb-caption-overlay-color:var(--awb-color8);--awb-caption-title-font-family:var(--h2_typography-font-family);--awb-caption-title-font-weight:var(--h2_typography-font-weight);--awb-caption-title-font-style:var(--h2_typography-font-style);--awb-caption-title-size:28px;--awb-caption-title-transform:var(--h2_typography-text-transform);--awb-caption-title-line-height:var(--h2_typography-line-height);--awb-caption-title-letter-spacing:var(--h2_typography-letter-spacing);\"><span class=\" fusion-imageframe imageframe-none imageframe-4 awb-imageframe-style awb-imageframe-style-navin\"><a class=\"fusion-no-lightbox\" href=\"\/fr\/machines-de-renovation-routiere\/chaudieres-a-asphalte\" target=\"_self\" aria-label=\"Kocher \u2014 Chaudieres a&nbsp;asphalte\"><img decoding=\"async\" width=\"1743\" height=\"1200\" src=\"data:image\/svg+xml,%3Csvg%20xmlns%3D%27http%3A%2F%2Fwww.w3.org%2F2000%2Fsvg%27%20width%3D%271743%27%20height%3D%271200%27%20viewBox%3D%270%200%201743%201200%27%3E%3Crect%20width%3D%271743%27%20height%3D%271200%27%20fill-opacity%3D%220%22%2F%3E%3C%2Fsvg%3E\" data-orig-src=\"https:\/\/www.madrog.pl\/wp-content\/uploads\/2025\/07\/04_kocher_slide-1.jpg\" alt class=\"lazyload img-responsive wp-image-3574\"><div class=\"awb-imageframe-caption-container\"><div class=\"awb-imageframe-caption\"><h2 class=\"awb-imageframe-caption-title\">KOCHER<\/h2><p class=\"awb-imageframe-caption-text\">Chaudieres a&nbsp;asphalte<\/p><\/div><\/div><\/a><\/span><\/div><\/div><\/div><div class=\"fusion-layout-column fusion_builder_column fusion-builder-column-5 fusion_builder_column_1_3 1_3 fusion-flex-column\" style=\"--awb-bg-size:cover;--awb-width-large:33.333333333333%;--awb-margin-top-large:1px;--awb-spacing-right-large:1px;--awb-margin-bottom-large:1px;--awb-spacing-left-large:1px;--awb-width-medium:100%;--awb-order-medium:0;--awb-spacing-right-medium:0px;--awb-spacing-left-medium:0px;--awb-width-small:100%;--awb-order-small:0;--awb-spacing-right-small:0px;--awb-spacing-left-small:0px;\" data-scroll-devices=\"small-visibility,medium-visibility,large-visibility\"><div class=\"fusion-column-wrapper fusion-column-has-shadow fusion-flex-justify-content-flex-start fusion-content-layout-column\"><div class=\"fusion-image-element \" style=\"--awb-caption-title-color:var(--awb-custom_color_1);--awb-caption-text-color:var(--awb-color2);--awb-caption-text-size:14px;--awb-caption-text-transform:uppercase;--awb-caption-text-letter-spacing:1px;--awb-caption-overlay-color:var(--awb-color8);--awb-caption-title-font-family:var(--h2_typography-font-family);--awb-caption-title-font-weight:var(--h2_typography-font-weight);--awb-caption-title-font-style:var(--h2_typography-font-style);--awb-caption-title-size:28px;--awb-caption-title-transform:var(--h2_typography-text-transform);--awb-caption-title-line-height:var(--h2_typography-line-height);--awb-caption-title-letter-spacing:var(--h2_typography-letter-spacing);\"><span class=\" fusion-imageframe imageframe-none imageframe-5 awb-imageframe-style awb-imageframe-style-navin\"><a class=\"fusion-no-lightbox\" href=\"\/fr\/machines-de-renovation-routiere\/finisseur\" target=\"_self\" aria-label=\"Finisseur\"><img decoding=\"async\" width=\"1743\" height=\"1200\" src=\"data:image\/svg+xml,%3Csvg%20xmlns%3D%27http%3A%2F%2Fwww.w3.org%2F2000%2Fsvg%27%20width%3D%271743%27%20height%3D%271200%27%20viewBox%3D%270%200%201743%201200%27%3E%3Crect%20width%3D%271743%27%20height%3D%271200%27%20fill-opacity%3D%220%22%2F%3E%3C%2Fsvg%3E\" data-orig-src=\"https:\/\/www.madrog.pl\/wp-content\/uploads\/2025\/09\/05_ukladarka_slide.jpg\" alt class=\"lazyload img-responsive wp-image-3575\"><div class=\"awb-imageframe-caption-container\"><div class=\"awb-imageframe-caption\"><h2 class=\"awb-imageframe-caption-title\">UP300<\/h2><p class=\"awb-imageframe-caption-text\">Finisseur<\/p><\/div><\/div><\/a><\/span><\/div><\/div><\/div><div class=\"fusion-layout-column fusion_builder_column fusion-builder-column-6 fusion_builder_column_1_3 1_3 fusion-flex-column\" style=\"--awb-bg-size:cover;--awb-width-large:33.333333333333%;--awb-margin-top-large:1px;--awb-spacing-right-large:1px;--awb-margin-bottom-large:1px;--awb-spacing-left-large:1px;--awb-width-medium:100%;--awb-order-medium:0;--awb-spacing-right-medium:0px;--awb-spacing-left-medium:0px;--awb-width-small:100%;--awb-order-small:0;--awb-spacing-right-small:0px;--awb-spacing-left-small:0px;\" data-scroll-devices=\"small-visibility,medium-visibility,large-visibility\"><div class=\"fusion-column-wrapper fusion-column-has-shadow fusion-flex-justify-content-flex-start fusion-content-layout-column\"><div class=\"fusion-image-element \" style=\"--awb-caption-title-color:var(--awb-custom_color_1);--awb-caption-text-color:var(--awb-color2);--awb-caption-text-size:14px;--awb-caption-text-transform:uppercase;--awb-caption-text-letter-spacing:1px;--awb-caption-overlay-color:var(--awb-color8);--awb-caption-title-font-family:var(--h2_typography-font-family);--awb-caption-title-font-weight:var(--h2_typography-font-weight);--awb-caption-title-font-style:var(--h2_typography-font-style);--awb-caption-title-size:28px;--awb-caption-title-transform:var(--h2_typography-text-transform);--awb-caption-title-line-height:var(--h2_typography-line-height);--awb-caption-title-letter-spacing:var(--h2_typography-letter-spacing);\"><span class=\" fusion-imageframe imageframe-none imageframe-6 awb-imageframe-style awb-imageframe-style-navin\"><a class=\"fusion-no-lightbox\" href=\"\/fr\/machines-de-renovation-routiere\/chasse-neige\" target=\"_self\" aria-label=\"Chasse-neige\"><img decoding=\"async\" width=\"1743\" height=\"1200\" src=\"data:image\/svg+xml,%3Csvg%20xmlns%3D%27http%3A%2F%2Fwww.w3.org%2F2000%2Fsvg%27%20width%3D%271743%27%20height%3D%271200%27%20viewBox%3D%270%200%201743%201200%27%3E%3Crect%20width%3D%271743%27%20height%3D%271200%27%20fill-opacity%3D%220%22%2F%3E%3C%2Fsvg%3E\" data-orig-src=\"https:\/\/www.madrog.pl\/wp-content\/uploads\/2025\/09\/06_plugi_slide.jpg\" alt class=\"lazyload img-responsive wp-image-3576\"><div class=\"awb-imageframe-caption-container\"><div class=\"awb-imageframe-caption\"><h2 class=\"awb-imageframe-caption-title\">MAD 3200<\/h2><p class=\"awb-imageframe-caption-text\">Chasse-neige<\/p><\/div><\/div><\/a><\/span><\/div><\/div><\/div><div class=\"fusion-layout-column fusion_builder_column fusion-builder-column-7 fusion_builder_column_1_3 1_3 fusion-flex-column\" style=\"--awb-bg-size:cover;--awb-width-large:33.333333333333%;--awb-margin-top-large:1px;--awb-spacing-right-large:1px;--awb-margin-bottom-large:1px;--awb-spacing-left-large:1px;--awb-width-medium:100%;--awb-order-medium:0;--awb-spacing-right-medium:0px;--awb-spacing-left-medium:0px;--awb-width-small:100%;--awb-order-small:0;--awb-spacing-right-small:0px;--awb-spacing-left-small:0px;\" data-scroll-devices=\"small-visibility,medium-visibility,large-visibility\"><div class=\"fusion-column-wrapper fusion-column-has-shadow fusion-flex-justify-content-flex-start fusion-content-layout-column\"><div class=\"fusion-image-element \" style=\"--awb-caption-title-color:var(--awb-custom_color_1);--awb-caption-text-color:var(--awb-color2);--awb-caption-text-size:14px;--awb-caption-text-transform:uppercase;--awb-caption-text-letter-spacing:1px;--awb-caption-overlay-color:var(--awb-color8);--awb-caption-title-font-family:var(--h2_typography-font-family);--awb-caption-title-font-weight:var(--h2_typography-font-weight);--awb-caption-title-font-style:var(--h2_typography-font-style);--awb-caption-title-size:28px;--awb-caption-title-transform:var(--h2_typography-text-transform);--awb-caption-title-line-height:var(--h2_typography-line-height);--awb-caption-title-letter-spacing:var(--h2_typography-letter-spacing);\"><span class=\" fusion-imageframe imageframe-none imageframe-7 awb-imageframe-style awb-imageframe-style-navin\"><a class=\"fusion-no-lightbox\" href=\"\/fr\/machines-de-renovation-routiere\/epandeurs-de-grains\/\" target=\"_self\" aria-label=\"\u00c9pandeurs de grains\"><img decoding=\"async\" width=\"1743\" height=\"1200\" src=\"data:image\/svg+xml,%3Csvg%20xmlns%3D%27http%3A%2F%2Fwww.w3.org%2F2000%2Fsvg%27%20width%3D%271743%27%20height%3D%271200%27%20viewBox%3D%270%200%201743%201200%27%3E%3Crect%20width%3D%271743%27%20height%3D%271200%27%20fill-opacity%3D%220%22%2F%3E%3C%2Fsvg%3E\" data-orig-src=\"https:\/\/www.madrog.pl\/wp-content\/uploads\/2025\/09\/07_rozsypywacz_grysu_slide.jpg\" alt class=\"lazyload img-responsive wp-image-3577\"><div class=\"awb-imageframe-caption-container\"><div class=\"awb-imageframe-caption\"><h2 class=\"awb-imageframe-caption-title\">DRG<\/h2><p class=\"awb-imageframe-caption-text\">\u00c9pandeurs de grains<\/p><\/div><\/div><\/a><\/span><\/div><\/div><\/div><\/div><\/div>\n","protected":false},"excerpt":{"rendered":"","protected":false},"author":1,"featured_media":3145,"parent":0,"menu_order":0,"comment_status":"closed","ping_status":"closed","template":"100-width.php","meta":{"wp_typography_post_enhancements_disabled":false,"footnotes":""},"class_list":["post-3578","page","type-page","status-publish","has-post-thumbnail","hentry"],"_links":{"self":[{"href":"https:\/\/www.madrog.pl\/fr\/wp-json\/wp\/v2\/pages\/3578","targetHints":{"allow":["GET"]}}],"collection":[{"href":"https:\/\/www.madrog.pl\/fr\/wp-json\/wp\/v2\/pages"}],"about":[{"href":"https:\/\/www.madrog.pl\/fr\/wp-json\/wp\/v2\/types\/page"}],"author":[{"embeddable":true,"href":"https:\/\/www.madrog.pl\/fr\/wp-json\/wp\/v2\/users\/1"}],"replies":[{"embeddable":true,"href":"https:\/\/www.madrog.pl\/fr\/wp-json\/wp\/v2\/comments?post=3578"}],"version-history":[{"count":7,"href":"https:\/\/www.madrog.pl\/fr\/wp-json\/wp\/v2\/pages\/3578\/revisions"}],"predecessor-version":[{"id":3619,"href":"https:\/\/www.madrog.pl\/fr\/wp-json\/wp\/v2\/pages\/3578\/revisions\/3619"}],"wp:featuredmedia":[{"embeddable":true,"href":"https:\/\/www.madrog.pl\/fr\/wp-json\/wp\/v2\/media\/3145"}],"wp:attachment":[{"href":"https:\/\/www.madrog.pl\/fr\/wp-json\/wp\/v2\/media?parent=3578"}],"curies":[{"name":"wp","href":"https:\/\/api.w.org\/{rel}","templated":true}]}}